{"id":13,"date":"2015-11-14T11:02:15","date_gmt":"2015-11-14T11:02:15","guid":{"rendered":"http:\/\/sanitariosgomez.com\/?page_id=13"},"modified":"2023-06-16T15:14:29","modified_gmt":"2023-06-16T14:14:29","slug":"contacto","status":"publish","type":"page","link":"https:\/\/sanitariosgomez.com\/es\/contacto\/","title":{"rendered":"CONTACTO"},"content":{"rendered":"<p><div class=\"fusion-fullwidth fullwidth-box fusion-builder-row-1 nonhundred-percent-fullwidth non-hundred-percent-height-scrolling\" style=\"background-color: #ffffff;background-position: center center;background-repeat: no-repeat;padding-top:0px;padding-right:0px;padding-bottom:0px;padding-left:0px;margin-bottom: 0px;margin-top: 0px;border-width: 0px 0px 0px 0px;border-color:#eae9e9;border-style:solid;\" ><div class=\"fusion-builder-row fusion-row\"><div class=\"fusion-layout-column fusion_builder_column fusion-builder-column-0 fusion_builder_column_1_1 1_1 fusion-one-full fusion-column-first fusion-column-last\" style=\"margin-top:30px;margin-bottom:0px;\"><div class=\"fusion-column-wrapper fusion-flex-column-wrapper-legacy\" style=\"background-position:left top;background-repeat:no-repeat;-webkit-background-size:cover;-moz-background-size:cover;-o-background-size:cover;background-size:cover;padding: 0px 0px 0px 0px;\"><style type=\"text\/css\"><\/style><div class=\"fusion-title title fusion-title-1 fusion-sep-none fusion-title-center fusion-title-text fusion-title-size-one\" style=\"font-size:50px;margin-top:0px;margin-right:0px;margin-bottom:20px;margin-left:0px;\"><h1 class=\"title-heading-center\" style=\"margin:0;font-size:1em;line-height:0px;\"><p style=\"text-align: center;\"><strong>CONTACTO<\/strong><\/p><\/h1><\/div><div class=\"fusion-clearfix\"><\/div><\/div><\/div><\/div><\/div><div class=\"fusion-fullwidth fullwidth-box fusion-builder-row-2 nonhundred-percent-fullwidth non-hundred-percent-height-scrolling\" style=\"background-color: #ffffff;background-position: center center;background-repeat: no-repeat;padding-top:0px;padding-right:0px;padding-bottom:0px;padding-left:0px;margin-bottom: 0px;margin-top: 40px;border-width: 0px 0px 0px 0px;border-color:#eae9e9;border-style:solid;\" ><div class=\"fusion-builder-row fusion-row\"><div class=\"fusion-layout-column fusion_builder_column fusion-builder-column-1 fusion_builder_column_1_1 1_1 fusion-one-full fusion-column-first fusion-column-last fusion-column-no-min-height\" style=\"margin-top:0px;margin-bottom:20px;\"><div class=\"fusion-column-wrapper fusion-flex-column-wrapper-legacy\" style=\"background-position:left top;background-repeat:no-repeat;-webkit-background-size:cover;-moz-background-size:cover;-o-background-size:cover;background-size:cover;padding: 0% 10% 0% 10%;\"><div class=\"fusion-text fusion-text-1\"><h3 style=\"text-align: center;\">HACEMOS REALIDAD SU PROYECTO PERSONALIZADO<\/h3>\n<\/div><div class=\"fusion-text fusion-text-2\"><p style=\"text-align: center;\">Solicite un presupuesto de forma gratuita y sin compromiso.<br \/>\nVis\u00edtenos en nuestras instalaciones donde disponemos de un showroom de 400m\u00b2.<\/p>\n<\/div><div class=\"fusion-clearfix\"><\/div><\/div><\/div><\/div><\/div><div class=\"fusion-fullwidth fullwidth-box fusion-builder-row-3 nonhundred-percent-fullwidth non-hundred-percent-height-scrolling fusion-equal-height-columns\" style=\"background-color: #ffffff;background-position: center center;background-repeat: no-repeat;padding-top:0px;padding-right:0px;padding-bottom:0px;padding-left:0px;margin-bottom: 0px;margin-top: 0px;border-width: 0px 0px 0px 0px;border-color:#eae9e9;border-style:solid;\" ><div class=\"fusion-builder-row fusion-row\"><div class=\"fusion-layout-column fusion_builder_column fusion-builder-column-2 fusion_builder_column_2_3 2_3 fusion-two-third fusion-column-first\" style=\"width:65.3333%; margin-right: 4%;margin-top:0px;margin-bottom:0px;\"><div class=\"fusion-column-wrapper fusion-flex-column-wrapper-legacy\" style=\"background-position:left top;background-repeat:no-repeat;-webkit-background-size:cover;-moz-background-size:cover;-o-background-size:cover;background-size:cover;padding: 0px 0px 0px 0px;\"><div class=\"fusion-column-content-centered\"><div class=\"fusion-column-content\"><div style=\"filter: grayscale(100%);\"><iframe src=\"https:\/\/www.google.com\/maps\/embed?pb=!1m18!1m12!1m3!1d2994.627271595346!2d2.071085115424949!3d41.36045457926673!2m3!1f0!2f0!3f0!3m2!1i1024!2i768!4f13.1!3m3!1m2!1s0x12a4995db1b27bf3%3A0x4bdef0a7e11c9ff6!2sSanitarios%20Gomez!5e0!3m2!1sen!2ses!4v1591344437660!5m2!1sen!2ses\" width=\"100%\" height=\"500\" frameborder=\"0\" style=\"border:0;\" allowfullscreen=\"\" aria-hidden=\"false\" tabindex=\"0\"><\/iframe><\/div><\/div><\/div><div class=\"fusion-clearfix\"><\/div><\/div><\/div><div class=\"fusion-layout-column fusion_builder_column fusion-builder-column-3 fusion_builder_column_1_3 1_3 fusion-one-third fusion-column-last\" style=\"width:30.6666%;margin-top:0px;margin-bottom:0px;\"><div class=\"fusion-column-wrapper fusion-flex-column-wrapper-legacy\" style=\"background-position:left top;background-repeat:no-repeat;-webkit-background-size:cover;-moz-background-size:cover;-o-background-size:cover;background-size:cover;padding: 0px 0px 0px 0px;\"><div class=\"fusion-column-content-centered\"><div class=\"fusion-column-content\"><div class=\"fusion-text fusion-text-3\"><h3 style=\"text-align: center;\">CONTACTO<\/h3>\n<\/div><div class=\"fusion-text fusion-text-4\"><p style=\"text-align: center; line-height: 25px;\"><strong>Tel\u00e9fono y E-mail<\/strong><br \/>\n93 474 37 93<br \/>\ninfo@sanitariosgomez.com<\/p>\n<p style=\"text-align: center; line-height: 25px;\"><strong>Direcci\u00f3n<\/strong><br \/>\nCarrer de la Miranda, 6-8<br \/>\n08940 Cornell\u00e0 de Llobregat<br \/>\nBarcelona<\/p>\n<\/div><div class=\"fusion-text fusion-text-5\"><h3 style=\"text-align: center;\">HORARIO<\/h3>\n<\/div><div class=\"fusion-text fusion-text-6\"><p style=\"text-align: center; line-height: 25px;\"><strong>Lunes a Viernes<\/strong><br \/>\nDe 09:30h a 13:30h<br \/>\ny de 16:30h a 20:30h<\/p>\n<p style=\"text-align: center; line-height: 25px;\"><strong>S\u00e1bados y Domingos cerrado<\/strong><\/p>\n<\/div><div class=\"aligncenter\"><div class=\"fusion-social-links sociallinks\"><div class=\"fusion-social-networks\"><div class=\"fusion-social-networks-wrapper\"><a class=\"fusion-social-network-icon fusion-tooltip fusion-Instagram fusion-icon-Instagram\" style=\"color:#bebdbd;font-size:0px;\" data-placement=\"top\" data-title=\"Instagram\" data-toggle=\"tooltip\" title=\"Instagram\" aria-label=\"Instagram\" target=\"_blank\" rel=\"noopener noreferrer\" href=\"https:\/\/www.instagram.com\/gomez_loftcuina\/\"><img src=\"https:\/\/sanitariosgomez.com\/wp-content\/uploads\/instagram-3-xxl.png\" alt=\"Instagram\" width=\"256\" height=\"256\" \/><\/a><a class=\"fusion-social-network-icon fusion-tooltip fusion-Facebook fusion-icon-Facebook\" style=\"color:#bebdbd;font-size:0px;\" data-placement=\"top\" data-title=\"Facebook\" data-toggle=\"tooltip\" title=\"Facebook\" aria-label=\"Facebook\" target=\"_blank\" rel=\"noopener noreferrer\" href=\"https:\/\/www.facebook.com\/SanitariosGomez\/\"><img src=\"https:\/\/sanitariosgomez.com\/wp-content\/uploads\/facebook-3-xxl.png\" alt=\"Facebook\" width=\"256\" height=\"256\" \/><\/a><a class=\"fusion-social-network-icon fusion-tooltip fusion-facebook fusion-icon-facebook\" style=\"color:#bebdbd;font-size:0px;\" data-placement=\"top\" data-title=\"Facebook\" data-toggle=\"tooltip\" title=\"Facebook\" aria-label=\"facebook\" target=\"_blank\" rel=\"noopener noreferrer\" href=\"#\"><\/a><a class=\"fusion-social-network-icon fusion-tooltip fusion-instagram fusion-icon-instagram\" style=\"color:#bebdbd;font-size:0px;\" data-placement=\"top\" data-title=\"Instagram\" data-toggle=\"tooltip\" title=\"Instagram\" aria-label=\"instagram\" target=\"_blank\" rel=\"noopener noreferrer\" href=\"#\"><\/a><\/div><\/div><\/div><\/div><\/div><\/div><div class=\"fusion-clearfix\"><\/div><\/div><\/div><\/div><\/div><div class=\"fusion-fullwidth fullwidth-box fusion-builder-row-4 nonhundred-percent-fullwidth non-hundred-percent-height-scrolling\" style=\"background-color: #ffffff;background-position: left top;background-repeat: no-repeat;padding-top:0px;padding-right:0px;padding-bottom:0px;padding-left:0px;margin-bottom: 0px;margin-top: 20px;border-width: 0px 0px 0px 0px;border-color:#eae9e9;border-style:solid;\" ><div class=\"fusion-builder-row fusion-row\"><div class=\"fusion-layout-column fusion_builder_column fusion-builder-column-4 fusion_builder_column_1_1 1_1 fusion-one-full fusion-column-first fusion-column-last\" style=\"margin-top:0px;margin-bottom:20px;\"><div class=\"fusion-column-wrapper fusion-flex-column-wrapper-legacy\" style=\"background-position:left top;background-repeat:no-repeat;-webkit-background-size:cover;-moz-background-size:cover;-o-background-size:cover;background-size:cover;padding: 0px 0px 0px 0px;\"><div class=\"fusion-text fusion-text-7\"><h3 style=\"text-align: center;\">NUESTRO EQUIPO<\/h3>\n<\/div><div class=\"fusion-text fusion-text-8\"><p style=\"text-align: center;\">Estaremos encantados de ayudarle y ofrecerle el mejor servicio con total garant\u00eda.<\/p>\n<\/div><div class=\"fusion-clearfix\"><\/div><\/div><\/div><div class=\"fusion-layout-column fusion_builder_column fusion-builder-column-5 fusion_builder_column_1_1 1_1 fusion-one-full fusion-column-first fusion-column-last\" style=\"margin-top:0px;margin-bottom:50px;\"><div class=\"fusion-column-wrapper fusion-flex-column-wrapper-legacy\" style=\"background-position:left top;background-repeat:no-repeat;-webkit-background-size:cover;-moz-background-size:cover;-o-background-size:cover;background-size:cover;padding: 0% 5% 40px 5%;\"><span class=\" fusion-imageframe imageframe-none imageframe-1 hover-type-none\"><img width=\"1400\" height=\"820\" alt=\"Sanitarios G\u00f3mez\" title=\"Sanitarios G\u00f3mez\" src=\"http:\/\/sanitariosgomez.com\/wp-content\/uploads\/gomez-equipo.jpg\" class=\"img-responsive wp-image-1376\" srcset=\"https:\/\/sanitariosgomez.com\/wp-content\/uploads\/gomez-equipo-200x117.jpg 200w, https:\/\/sanitariosgomez.com\/wp-content\/uploads\/gomez-equipo-400x234.jpg 400w, https:\/\/sanitariosgomez.com\/wp-content\/uploads\/gomez-equipo-600x351.jpg 600w, https:\/\/sanitariosgomez.com\/wp-content\/uploads\/gomez-equipo-800x469.jpg 800w, https:\/\/sanitariosgomez.com\/wp-content\/uploads\/gomez-equipo-1200x703.jpg 1200w, https:\/\/sanitariosgomez.com\/wp-content\/uploads\/gomez-equipo.jpg 1400w\" sizes=\"(max-width: 800px) 100vw, 1200px\" \/><\/span><div class=\"fusion-sep-clear\"><\/div><div class=\"fusion-separator fusion-full-width-sep\" style=\"margin-left: auto;margin-right: auto;margin-top:40px;margin-bottom:0px;width:100%;\"><\/div><div class=\"fusion-sep-clear\"><\/div><div class=\"fusion-testimonials clean fusion-testimonials-1\" data-random=\"0\" data-speed=\"8000\"><style type=\"text\/css\">#fusion-testimonials-1 a{border-color:#969696;}#fusion-testimonials-1 a:hover, #fusion-testimonials-1 .activeSlide{background-color: #969696;}.fusion-testimonials.clean.fusion-testimonials-1 .author:after{border-top-color:transparent !important;}<\/style><div class=\"reviews\"><div class=\"review no-avatar\"><blockquote style=\"margin: -25px;\"><q style=\"background-color:transparent;color:#969696;\" class=\"fusion-clearfix\">\n<p>\u00abNuestra meta es ofrecer un buen servicio con total garantia y productos de fabricacion nacional.\u00bb<\/p>\n<\/q><\/blockquote><div class=\"author\" style=\"color:#969696;\"><span class=\"company-name\"><\/span><\/div><\/div><div class=\"review no-avatar\"><blockquote style=\"margin: -25px;\"><q style=\"background-color:transparent;color:#969696;\" class=\"fusion-clearfix\">\n<p>\u00abLlevamos mas de cuarenta a\u00f1os en el sector de la cer\u00e1mica y el saneamiento y m\u00e1s de veinticinco especializados en cocinas y reformas.\u00bb<\/p>\n<\/q><\/blockquote><div class=\"author\" style=\"color:#969696;\"><span class=\"company-name\"><\/span><\/div><\/div><div class=\"review no-avatar\"><blockquote style=\"margin: -25px;\"><q style=\"background-color:transparent;color:#969696;\" class=\"fusion-clearfix\">\n<p>\u00abDisponemos de log\u00edstica y equipo propio de trabajo. Solicite un presupuesto de forma gratuita y sin compromiso.\u00bb<\/p>\n<\/q><\/blockquote><div class=\"author\" style=\"color:#969696;\"><span class=\"company-name\"><\/span><\/div><\/div><\/div><\/div><div class=\"fusion-sep-clear\"><\/div><div class=\"fusion-separator fusion-full-width-sep\" style=\"margin-left: auto;margin-right: auto;margin-top:20px;margin-bottom:0px;width:100%;\"><\/div><div class=\"fusion-sep-clear\"><\/div><span class=\" fusion-imageframe imageframe-none imageframe-2 hover-type-none\"><img width=\"1400\" height=\"820\" alt=\"Sanitarios G\u00f3mez\" title=\"Sanitarios G\u00f3mez\" src=\"http:\/\/sanitariosgomez.com\/wp-content\/uploads\/gomez-equipo2.jpg\" class=\"img-responsive wp-image-1419\" srcset=\"https:\/\/sanitariosgomez.com\/wp-content\/uploads\/gomez-equipo2-200x117.jpg 200w, https:\/\/sanitariosgomez.com\/wp-content\/uploads\/gomez-equipo2-400x234.jpg 400w, https:\/\/sanitariosgomez.com\/wp-content\/uploads\/gomez-equipo2-600x351.jpg 600w, https:\/\/sanitariosgomez.com\/wp-content\/uploads\/gomez-equipo2-800x469.jpg 800w, https:\/\/sanitariosgomez.com\/wp-content\/uploads\/gomez-equipo2-1200x703.jpg 1200w, https:\/\/sanitariosgomez.com\/wp-content\/uploads\/gomez-equipo2.jpg 1400w\" sizes=\"(max-width: 800px) 100vw, 1200px\" \/><\/span><div class=\"fusion-clearfix\"><\/div><\/div><\/div><\/div><\/div><\/p>\n","protected":false},"excerpt":{"rendered":"","protected":false},"author":1,"featured_media":0,"parent":0,"menu_order":0,"comment_status":"closed","ping_status":"closed","template":"100-width.php","meta":[],"yoast_head":"<!-- This site is optimized with the Yoast SEO plugin v18.4.1 - https:\/\/yoast.com\/wordpress\/plugins\/seo\/ -->\n<title>CONTACTO - Sanitarios G\u00f3mez<\/title>\n<meta name=\"description\" content=\"Tel\u00e9fono 93 474 37 93 - E-mail: info@sanitariosgomez.com - Direcci\u00f3n: Carrer de la Miranda, 6-8 08940 Cornell\u00e0 de Llobregat Barcelona\" \/>\n<meta name=\"robots\" content=\"index, follow, max-snippet:-1, max-image-preview:large, max-video-preview:-1\" \/>\n<link rel=\"canonical\" href=\"https:\/\/sanitariosgomez.com\/es\/contacto\/\" \/>\n<meta property=\"og:locale\" content=\"es_ES\" \/>\n<meta property=\"og:type\" content=\"article\" \/>\n<meta property=\"og:title\" content=\"CONTACTO - Sanitarios G\u00f3mez\" \/>\n<meta property=\"og:description\" content=\"Tel\u00e9fono 93 474 37 93 - E-mail: info@sanitariosgomez.com - Direcci\u00f3n: Carrer de la Miranda, 6-8 08940 Cornell\u00e0 de Llobregat Barcelona\" \/>\n<meta property=\"og:url\" content=\"https:\/\/sanitariosgomez.com\/es\/contacto\/\" \/>\n<meta property=\"og:site_name\" content=\"Sanitarios G\u00f3mez\" \/>\n<meta property=\"article:publisher\" content=\"https:\/\/www.facebook.com\/SanitariosGomez\" \/>\n<meta property=\"article:modified_time\" content=\"2023-06-16T14:14:29+00:00\" \/>\n<meta name=\"twitter:card\" content=\"summary_large_image\" \/>\n<meta name=\"twitter:label1\" content=\"Tiempo de lectura\" \/>\n\t<meta name=\"twitter:data1\" content=\"15 minutos\" \/>\n<script type=\"application\/ld+json\" class=\"yoast-schema-graph\">{\"@context\":\"https:\/\/schema.org\",\"@graph\":[{\"@type\":\"Organization\",\"@id\":\"https:\/\/sanitariosgomez.com\/es\/#organization\",\"name\":\"SANITARIOS G\u00d3MEZ\",\"url\":\"https:\/\/sanitariosgomez.com\/es\/\",\"sameAs\":[\"https:\/\/www.facebook.com\/SanitariosGomez\",\"https:\/\/www.instagram.com\/gomez_loftcuina\/\"],\"logo\":{\"@type\":\"ImageObject\",\"@id\":\"https:\/\/sanitariosgomez.com\/es\/#logo\",\"inLanguage\":\"es\",\"url\":\"https:\/\/sanitariosgomez.com\/wp-content\/uploads\/gomez_logo_2x_g.png\",\"contentUrl\":\"https:\/\/sanitariosgomez.com\/wp-content\/uploads\/gomez_logo_2x_g.png\",\"width\":400,\"height\":41,\"caption\":\"SANITARIOS G\u00d3MEZ\"},\"image\":{\"@id\":\"https:\/\/sanitariosgomez.com\/es\/#logo\"}},{\"@type\":\"WebSite\",\"@id\":\"https:\/\/sanitariosgomez.com\/es\/#website\",\"url\":\"https:\/\/sanitariosgomez.com\/es\/\",\"name\":\"Sanitarios G\u00f3mez\",\"description\":\"Negocio de reformas integrales del hogar - Trabajamos con las mejores marcas del mercado - Especialidad ba\u00f1os y cocinas.\",\"publisher\":{\"@id\":\"https:\/\/sanitariosgomez.com\/es\/#organization\"},\"potentialAction\":[{\"@type\":\"SearchAction\",\"target\":{\"@type\":\"EntryPoint\",\"urlTemplate\":\"https:\/\/sanitariosgomez.com\/es\/?s={search_term_string}\"},\"query-input\":\"required name=search_term_string\"}],\"inLanguage\":\"es\"},{\"@type\":\"WebPage\",\"@id\":\"https:\/\/sanitariosgomez.com\/es\/contacto\/#webpage\",\"url\":\"https:\/\/sanitariosgomez.com\/es\/contacto\/\",\"name\":\"CONTACTO - Sanitarios G\u00f3mez\",\"isPartOf\":{\"@id\":\"https:\/\/sanitariosgomez.com\/es\/#website\"},\"datePublished\":\"2015-11-14T11:02:15+00:00\",\"dateModified\":\"2023-06-16T14:14:29+00:00\",\"description\":\"Tel\u00e9fono 93 474 37 93 - E-mail: info@sanitariosgomez.com - Direcci\u00f3n: Carrer de la Miranda, 6-8 08940 Cornell\u00e0 de Llobregat Barcelona\",\"breadcrumb\":{\"@id\":\"https:\/\/sanitariosgomez.com\/es\/contacto\/#breadcrumb\"},\"inLanguage\":\"es\",\"potentialAction\":[{\"@type\":\"ReadAction\",\"target\":[\"https:\/\/sanitariosgomez.com\/es\/contacto\/\"]}]},{\"@type\":\"BreadcrumbList\",\"@id\":\"https:\/\/sanitariosgomez.com\/es\/contacto\/#breadcrumb\",\"itemListElement\":[{\"@type\":\"ListItem\",\"position\":1,\"name\":\"Portada\",\"item\":\"https:\/\/sanitariosgomez.com\/es\/\"},{\"@type\":\"ListItem\",\"position\":2,\"name\":\"CONTACTO\"}]}]}<\/script>\n<!-- \/ Yoast SEO plugin. -->","yoast_head_json":{"title":"CONTACTO - Sanitarios G\u00f3mez","description":"Tel\u00e9fono 93 474 37 93 - E-mail: info@sanitariosgomez.com - Direcci\u00f3n: Carrer de la Miranda, 6-8 08940 Cornell\u00e0 de Llobregat Barcelona","robots":{"index":"index","follow":"follow","max-snippet":"max-snippet:-1","max-image-preview":"max-image-preview:large","max-video-preview":"max-video-preview:-1"},"canonical":"https:\/\/sanitariosgomez.com\/es\/contacto\/","og_locale":"es_ES","og_type":"article","og_title":"CONTACTO - Sanitarios G\u00f3mez","og_description":"Tel\u00e9fono 93 474 37 93 - E-mail: info@sanitariosgomez.com - Direcci\u00f3n: Carrer de la Miranda, 6-8 08940 Cornell\u00e0 de Llobregat Barcelona","og_url":"https:\/\/sanitariosgomez.com\/es\/contacto\/","og_site_name":"Sanitarios G\u00f3mez","article_publisher":"https:\/\/www.facebook.com\/SanitariosGomez","article_modified_time":"2023-06-16T14:14:29+00:00","twitter_card":"summary_large_image","twitter_misc":{"Tiempo de lectura":"15 minutos"},"schema":{"@context":"https:\/\/schema.org","@graph":[{"@type":"Organization","@id":"https:\/\/sanitariosgomez.com\/es\/#organization","name":"SANITARIOS G\u00d3MEZ","url":"https:\/\/sanitariosgomez.com\/es\/","sameAs":["https:\/\/www.facebook.com\/SanitariosGomez","https:\/\/www.instagram.com\/gomez_loftcuina\/"],"logo":{"@type":"ImageObject","@id":"https:\/\/sanitariosgomez.com\/es\/#logo","inLanguage":"es","url":"https:\/\/sanitariosgomez.com\/wp-content\/uploads\/gomez_logo_2x_g.png","contentUrl":"https:\/\/sanitariosgomez.com\/wp-content\/uploads\/gomez_logo_2x_g.png","width":400,"height":41,"caption":"SANITARIOS G\u00d3MEZ"},"image":{"@id":"https:\/\/sanitariosgomez.com\/es\/#logo"}},{"@type":"WebSite","@id":"https:\/\/sanitariosgomez.com\/es\/#website","url":"https:\/\/sanitariosgomez.com\/es\/","name":"Sanitarios G\u00f3mez","description":"Negocio de reformas integrales del hogar - Trabajamos con las mejores marcas del mercado - Especialidad ba\u00f1os y cocinas.","publisher":{"@id":"https:\/\/sanitariosgomez.com\/es\/#organization"},"potentialAction":[{"@type":"SearchAction","target":{"@type":"EntryPoint","urlTemplate":"https:\/\/sanitariosgomez.com\/es\/?s={search_term_string}"},"query-input":"required name=search_term_string"}],"inLanguage":"es"},{"@type":"WebPage","@id":"https:\/\/sanitariosgomez.com\/es\/contacto\/#webpage","url":"https:\/\/sanitariosgomez.com\/es\/contacto\/","name":"CONTACTO - Sanitarios G\u00f3mez","isPartOf":{"@id":"https:\/\/sanitariosgomez.com\/es\/#website"},"datePublished":"2015-11-14T11:02:15+00:00","dateModified":"2023-06-16T14:14:29+00:00","description":"Tel\u00e9fono 93 474 37 93 - E-mail: info@sanitariosgomez.com - Direcci\u00f3n: Carrer de la Miranda, 6-8 08940 Cornell\u00e0 de Llobregat Barcelona","breadcrumb":{"@id":"https:\/\/sanitariosgomez.com\/es\/contacto\/#breadcrumb"},"inLanguage":"es","potentialAction":[{"@type":"ReadAction","target":["https:\/\/sanitariosgomez.com\/es\/contacto\/"]}]},{"@type":"BreadcrumbList","@id":"https:\/\/sanitariosgomez.com\/es\/contacto\/#breadcrumb","itemListElement":[{"@type":"ListItem","position":1,"name":"Portada","item":"https:\/\/sanitariosgomez.com\/es\/"},{"@type":"ListItem","position":2,"name":"CONTACTO"}]}]}},"_links":{"self":[{"href":"https:\/\/sanitariosgomez.com\/es\/wp-json\/wp\/v2\/pages\/13"}],"collection":[{"href":"https:\/\/sanitariosgomez.com\/es\/wp-json\/wp\/v2\/pages"}],"about":[{"href":"https:\/\/sanitariosgomez.com\/es\/wp-json\/wp\/v2\/types\/page"}],"author":[{"embeddable":true,"href":"https:\/\/sanitariosgomez.com\/es\/wp-json\/wp\/v2\/users\/1"}],"replies":[{"embeddable":true,"href":"https:\/\/sanitariosgomez.com\/es\/wp-json\/wp\/v2\/comments?post=13"}],"version-history":[{"count":90,"href":"https:\/\/sanitariosgomez.com\/es\/wp-json\/wp\/v2\/pages\/13\/revisions"}],"predecessor-version":[{"id":2815,"href":"https:\/\/sanitariosgomez.com\/es\/wp-json\/wp\/v2\/pages\/13\/revisions\/2815"}],"wp:attachment":[{"href":"https:\/\/sanitariosgomez.com\/es\/wp-json\/wp\/v2\/media?parent=13"}],"curies":[{"name":"wp","href":"https:\/\/api.w.org\/{rel}","templated":true}]}}